{"id":9498,"date":"2019-01-26T02:17:21","date_gmt":"2019-01-26T01:17:21","guid":{"rendered":"http:\/\/serbiaorganica.info\/nasi-partneri\/"},"modified":"2019-02-05T10:21:21","modified_gmt":"2019-02-05T09:21:21","slug":"nasi-partneri","status":"publish","type":"page","link":"https:\/\/serbiaorganica.info\/en\/nasi-partneri\/","title":{"rendered":"Na\u0161i partneri"},"content":{"rendered":"<p>Od samog osnivanja 2009. godine, \u201eSerbia Organika\u201d je zapo\u010dela sa nizom aktivnosti na razvoju i harmonizaciji organske proizvodnje u Srbiji.<\/p>\n<p>Veliku podr\u0161ku kroz saradnju \u00a0pru\u017eile su nam doma\u0107e i inostrane institucije, donatori, privredni subjekti, nau\u010dno- obrazovne institucije i dr.<\/p>\n<p>U saradnji sa njima realizovali smo mnogobrojne projekte koji su doprineli\u00a0 harmonizaciji i kreiranju boljeg okru\u017eenja za razvoj sektora, stvaranju mogu\u0107nosti za plasman proizvoda malih proizvo\u0111a, promociji organskih proizvoda,\u00a0pove\u010danju javne svesti\u00a0 \u0161to je doprinelo pove\u0107anje potra\u017enje za organskim proizvodima me\u0111u potro\u0161a\u010dima,Doprineli smo pozicioniranju doma\u0107e organske industrije na inostranom tr\u017ei\u0161tu, pove\u0107anju izvozni\u010dkih mogu\u0107nosti velikog broja prera\u0111iva\u010da. Kroz edukacije savetodavaca poljoprivrednih savetodavnih slu\u017ebi, kontrolnih organizacija poljoprivrednih \u0161kola, upravlja\u010da iz za\u0161ti\u0107enih podru\u010dja i poljoprivrednih proizvo\u0111a\u010da krirali smo uslove za br\u017ei razvoj organske proizvodnje.<\/p>\n<ul>\n<li><a title=\"Ministarstvo poljoprivrede\" href=\"http:\/\/www.dnrl.gov.rs\/organska.html?menu_id=104\" target=\"_blank\" rel=\"noopener\" data-saferedirecturl=\"https:\/\/www.google.com\/url?q=http:\/\/www.dnrl.gov.rs\/organska.html?menu_id%3D104&amp;source=gmail&amp;ust=1547900662968000&amp;usg=AFQjCNGtO_ifVabafSAU9wTDUS4Ym-1gTg\">Ministarstvo poljoprivrede, \u0161umarstva i vodoprivrede Republike Srbije<\/a><\/li>\n<li><a href=\"http:\/\/www.pks.rs\/\" target=\"_blank\" rel=\"noopener\" data-saferedirecturl=\"https:\/\/www.google.com\/url?q=http:\/\/www.pks.rs\/&amp;source=gmail&amp;ust=1547900662968000&amp;usg=AFQjCNFFshcw24VMUsDln75ZknOPy7xX0g\">Privredna komora Srbije<\/a><\/li>\n<li><a href=\"http:\/\/www.bgpijace.rs\/\" target=\"_blank\" rel=\"noopener\" data-saferedirecturl=\"https:\/\/www.google.com\/url?q=http:\/\/www.bgpijace.rs\/&amp;source=gmail&amp;ust=1547900662968000&amp;usg=AFQjCNGZNg4HDdJoOaK56hR0FRtAg7hrxg\">JKP \u201cGradske pijace\u201d, Beograd<\/a><\/li>\n<li><a title=\"Ministarstvo prosvete\" href=\"http:\/\/www.mpn.gov.rs\/sajt\/\" target=\"_blank\" rel=\"noopener\" data-saferedirecturl=\"https:\/\/www.google.com\/url?q=http:\/\/www.mpn.gov.rs\/sajt\/&amp;source=gmail&amp;ust=1547900662968000&amp;usg=AFQjCNHgi2mJen4Sxzt-L_cTIJUKpEYhxA\">Ministarstvo prosvete, nauke i tehnolo\u0161kog razvoja Republike Srbije<\/a><\/li>\n<li><a title=\"Zavod za unapredjenje obrazovanja\" href=\"http:\/\/www.zuov.gov.rs\/novisajt2012\/index.html\" target=\"_blank\" rel=\"noopener\" data-saferedirecturl=\"https:\/\/www.google.com\/url?q=http:\/\/www.zuov.gov.rs\/novisajt2012\/index.html&amp;source=gmail&amp;ust=1547900662968000&amp;usg=AFQjCNGsYEaj5tl7mQV7uAaoODOH5UvnCg\">Zavod za unapredjenje obrazovanja i vaspitanja<\/a><\/li>\n<li><a title=\"Zemunski fakultet\" href=\"http:\/\/www.agrif.bg.ac.rs\/\" target=\"_blank\" rel=\"noopener\" data-saferedirecturl=\"https:\/\/www.google.com\/url?q=http:\/\/www.agrif.bg.ac.rs\/&amp;source=gmail&amp;ust=1547900662968000&amp;usg=AFQjCNFiuJJilNhEjADK1y8K9V29DCWmMQ\">Poljoprivredni fakultet Univerziteta u Beogradu<\/a><\/li>\n<li><a title=\"Novosadski fakultet\" href=\"http:\/\/polj.uns.ac.rs\/\" target=\"_blank\" rel=\"noopener\" data-saferedirecturl=\"https:\/\/www.google.com\/url?q=http:\/\/polj.uns.ac.rs\/&amp;source=gmail&amp;ust=1547900662968000&amp;usg=AFQjCNF5B1DRS_HfX7fa8J8a4WI0N18l_w\">Poljoprivredni fakultet Univerziteta u Novom Sadu<\/a><\/li>\n<li><a title=\"USAID\" href=\"http:\/\/serbia.usaid.gov\/pocetna.88.html\" target=\"_blank\" rel=\"noopener\" data-saferedirecturl=\"https:\/\/www.google.com\/url?q=http:\/\/serbia.usaid.gov\/pocetna.88.html&amp;source=gmail&amp;ust=1547900662968000&amp;usg=AFQjCNHdW0Alwt1n-LxzfqHWbDIMAheYiA\">USAID Agrobiznis projekat<\/a><\/li>\n<li><a title=\"giz\" href=\"http:\/\/www.giz.de\/themen\/en\/34334.htm\" target=\"_blank\" rel=\"noopener\" data-saferedirecturl=\"https:\/\/www.google.com\/url?q=http:\/\/www.giz.de\/themen\/en\/34334.htm&amp;source=gmail&amp;ust=1547900662968000&amp;usg=AFQjCNELAI7aQPT1VBZXnUuVhQ-Yd1D2ag\">GIZ ACCESS \u2013 Nema\u010dka organizacija za tehni\u010dku saradnju<\/a><\/li>\n<li><a href=\"https:\/\/konkurentno.rs\/en\/home-eng\/\">USAID &#8211; Projekat za konkurentnu privredu\u00a0<\/a><\/li>\n<li><a href=\"http:\/\/www.fao.org\/home\/en\/\" target=\"_blank\" rel=\"noopener\" data-saferedirecturl=\"https:\/\/www.google.com\/url?q=http:\/\/www.fao.org\/home\/en\/&amp;source=gmail&amp;ust=1547900662968000&amp;usg=AFQjCNH6Dzio3kgoRupXXEBP88ICDbA6LA\">FAO \u2013 Svetska organizacija za hranu i poljoprivredu<\/a><\/li>\n<li><a href=\"http:\/\/www.rec.org\/\" target=\"_blank\" rel=\"noopener\" data-saferedirecturl=\"https:\/\/www.google.com\/url?q=http:\/\/www.rec.org\/&amp;source=gmail&amp;ust=1547900662968000&amp;usg=AFQjCNFhrl-fEtzNKl5Gm_Hw1UMx9TBe9w\">REC \u2013 Regionalni centar za \u017eivotnu sredinu<\/a><\/li>\n<li><a href=\"http:\/\/www.rs.undp.org\/\" target=\"_blank\" rel=\"noopener\" data-saferedirecturl=\"https:\/\/www.google.com\/url?q=http:\/\/www.rs.undp.org\/&amp;source=gmail&amp;ust=1547900662968000&amp;usg=AFQjCNGIwSd9EF8yJ37bKKKZHqZh_CRyKQ\">UNDP \u2013 United Nations Development Programme<\/a><\/li>\n<li><a title=\"SIEPA\" href=\"http:\/\/www.siepa.gov.rs\/sr\/\" target=\"_blank\" rel=\"noopener\" data-saferedirecturl=\"https:\/\/www.google.com\/url?q=http:\/\/www.siepa.gov.rs\/sr\/&amp;source=gmail&amp;ust=1547900662968000&amp;usg=AFQjCNGjdwl0fiMT84fFzXfjqqyfm0NyTA\">SIEPA \u2013 Agencija za strana ulaganja<\/a><\/li>\n<li><a href=\"https:\/\/www.mocbilja.rs\/\">Institut za prou\u010davanje lekovitog bilja \u201eDr Josif Pan\u010di\u0107\u201c<\/a><\/li>\n<li>I<a title=\"Tami\u0161\" href=\"http:\/\/www.institut-tamis.co.rs\/\" target=\"_blank\" rel=\"noopener\" data-saferedirecturl=\"https:\/\/www.google.com\/url?q=http:\/\/www.institut-tamis.co.rs\/&amp;source=gmail&amp;ust=1547900662968000&amp;usg=AFQjCNGg03gBl6Jt-LsKHnlWNiXr0H3uRQ\">nstitut &#8220;Tamis&#8221;-Pan\u010devo<\/a><\/li>\n<li><a title=\"PSS\" href=\"http:\/\/psss.rs\/news.php\" target=\"_blank\" rel=\"noopener\" data-saferedirecturl=\"https:\/\/www.google.com\/url?q=http:\/\/psss.rs\/news.php&amp;source=gmail&amp;ust=1547900662968000&amp;usg=AFQjCNHfKq_wkFGplondB8kfwF-wQtFaJQ\">Savetodavna i stru\u010dna slu\u017eba Srbije<\/a><\/li>\n<li><a title=\"Sertifikacione organizacije 2012\" href=\"\/?page_id=6877\" target=\"_blank\" rel=\"noopener\" data-saferedirecturl=\"https:\/\/www.google.com\/url?q=http:\/\/www.serbiaorganica.info\/sertifikacione-organizacije-2012\/&amp;source=gmail&amp;ust=1547900662968000&amp;usg=AFQjCNEfkuYMtkCdT2ZE_agWhjUA_HhX2A\">Ovla\u0161\u0107ene kontrolne organizacije<\/a><\/li>\n<li><a href=\"https:\/\/terras.org.rs\/\">Udru\u017eenje\u00a0\u00a0TERRA\u2019S\u00a0<\/a><\/li>\n<li>Vojvo\u0111anski klaster organske poljoprivrede<\/li>\n<li><a title=\"Novosadski sajam\" href=\"http:\/\/www.sajam.net\/\" target=\"_blank\" rel=\"noopener\" data-saferedirecturl=\"https:\/\/www.google.com\/url?q=http:\/\/www.sajam.net\/&amp;source=gmail&amp;ust=1547900662968000&amp;usg=AFQjCNFAT8bux7j7mYlAi-_iKE9uhE-OQA\">Novosadski sajam<\/a><\/li>\n<li><a title=\"Konzulat Austrije\" href=\"http:\/\/www.bmeia.gv.at\/sr\/ambasada\/beograd.html\" target=\"_blank\" rel=\"noopener\" data-saferedirecturl=\"https:\/\/www.google.com\/url?q=http:\/\/www.bmeia.gv.at\/sr\/ambasada\/beograd.html&amp;source=gmail&amp;ust=1547900662968000&amp;usg=AFQjCNE_BCGtLvXu8aqxb8uqMMO6o8sSMQ\">Konzulat Austrie<\/a><\/li>\n<li><a title=\"Agromre\u017ea\" href=\"http:\/\/www.agromreza.org.rs\/\" target=\"_blank\" rel=\"noopener\" data-saferedirecturl=\"https:\/\/www.google.com\/url?q=http:\/\/www.agromreza.org.rs\/&amp;source=gmail&amp;ust=1547900662969000&amp;usg=AFQjCNHwuucCPfbDROGQLMu_I2onacV1zw\">Agromre\u017ea Beograd<\/a><\/li>\n<li>Mnoge lokalne samouprave ( Valjevo, Nova Varo\u0161, Dimitrovgrad, Babu\u0161nica itd)<\/li>\n<\/ul>\n","protected":false},"excerpt":{"rendered":"<p>Od samog osnivanja 2009. godine, \u201eSerbia Organika\u201d je zapo\u010dela sa nizom aktivnosti na razvoju i harmonizaciji organske proizvodnje u Srbiji. Veliku podr\u0161ku kroz saradnju \u00a0pru\u017eile su nam doma\u0107e i inostrane institucije, donatori, privredni subjekti, nau\u010dno- obrazovne institucije i dr. U saradnji sa njima realizovali smo mnogobrojne projekte koji su doprineli\u00a0 harmonizaciji i kreiranju boljeg okru\u017eenja [&hellip;]<\/p>\n","protected":false},"author":1,"featured_media":0,"parent":0,"menu_order":0,"comment_status":"closed","ping_status":"closed","template":"","meta":{"footnotes":""},"class_list":["post-9498","page","type-page","status-publish","hentry"],"_links":{"self":[{"href":"https:\/\/serbiaorganica.info\/en\/wp-json\/wp\/v2\/pages\/9498","targetHints":{"allow":["GET"]}}],"collection":[{"href":"https:\/\/serbiaorganica.info\/en\/wp-json\/wp\/v2\/pages"}],"about":[{"href":"https:\/\/serbiaorganica.info\/en\/wp-json\/wp\/v2\/types\/page"}],"author":[{"embeddable":true,"href":"https:\/\/serbiaorganica.info\/en\/wp-json\/wp\/v2\/users\/1"}],"replies":[{"embeddable":true,"href":"https:\/\/serbiaorganica.info\/en\/wp-json\/wp\/v2\/comments?post=9498"}],"version-history":[{"count":0,"href":"https:\/\/serbiaorganica.info\/en\/wp-json\/wp\/v2\/pages\/9498\/revisions"}],"wp:attachment":[{"href":"https:\/\/serbiaorganica.info\/en\/wp-json\/wp\/v2\/media?parent=9498"}],"curies":[{"name":"wp","href":"https:\/\/api.w.org\/{rel}","templated":true}]}}